{"id":2139,"date":"2019-11-14T16:38:05","date_gmt":"2019-11-14T15:38:05","guid":{"rendered":"https:\/\/wohnmobilcenter-muenchen.de\/?page_id=2139"},"modified":"2022-06-22T10:07:38","modified_gmt":"2022-06-22T08:07:38","slug":"online-buchung","status":"publish","type":"page","link":"https:\/\/max2consulting.net\/wohnmobilcenter\/online-buchung\/","title":{"rendered":"Online Buchung"},"content":{"rendered":"<div class=\"fusion-fullwidth fullwidth-box fusion-builder-row-1 gradient-container-1 nonhundred-percent-fullwidth non-hundred-percent-height-scrolling\" style=\"--awb-border-radius-top-left:0px;--awb-border-radius-top-right:0px;--awb-border-radius-bottom-right:0px;--awb-border-radius-bottom-left:0px;--awb-padding-top:20px;--awb-padding-bottom:20px;\" ><div class=\"fusion-builder-row fusion-row\"><div class=\"fusion-layout-column fusion_builder_column fusion-builder-column-0 fusion_builder_column_1_1 1_1 fusion-one-full fusion-column-first fusion-column-last\" style=\"--awb-bg-size:cover;--awb-margin-bottom:0px;\"><div class=\"fusion-column-wrapper fusion-flex-column-wrapper-legacy\"><div id=\"app-booking-container\" class=\"tx-booking\" data-stationid=\"4133\"><\/div>\n<script src=\"https:\/\/cdn.be.rentandtravel.de\/wl\/Plugin\/App\/app.js\"><\/script><div class=\"fusion-sep-clear\"><\/div><div class=\"fusion-separator fusion-full-width-sep\" style=\"margin-left: auto;margin-right: auto;margin-top:30px;margin-bottom:30px;width:100%;\"><\/div><div class=\"fusion-sep-clear\"><\/div><div class=\"fusion-text fusion-text-1\"><p>M\u00fcnchen \u2013 die Landeshauptstadt Bayerns hat viele wundersch\u00f6ne Sehensw\u00fcrdigkeiten und gro\u00dfartige Ecken, die man entdecken kann. Ein perfekter Platz, um hier seinen Urlaub zu starten! Mit einem Kastenwagen, Camper oder Wohnmobil k\u00f6nnen Sie die Stadt erkunden und wunderbare Ort wie den Eisbach mit der Surferwelle, den Englischen Garten oder den Marienplatz erleben! Sehen Sie sich jetzt unser Angebot an und werden Sie mit ein paar Klicks zum Mieter Ihres eigenen Wohnmobils f\u00fcr den perfekten Urlaub! Falls Sie Fragen oder Anregungen zu unseren Fahrzeugen haben, z\u00f6gern Sie nicht uns zu kontaktieren!<\/p>\n<p>Erleben Sie die sch\u00f6nsten Locations um in M\u00fcnchen zu Campen. In der Stadt M\u00fcnchen gibt es einige Orte und Campingpl\u00e4tze, an denen man mit seinem Wohnmobil aufschlagen kann. Egal ob Sie nur einen Zwischenstopp in M\u00fcnchen einlegen, um danach vielleicht nach Italien zu fahren oder ob Sie Ihren kompletten Urlaub in M\u00fcnchen verbringen m\u00f6chten.<\/p>\n<p>Zu den besten Campingpl\u00e4tzen rund um M\u00fcnchen-Stadt geh\u00f6rten unteranderem der Campingplatz M\u00fcnchen-Obermenzing, der Campingplatz M\u00fcnchen Thalkirchen, der Campingplatz Ampersee und das Freizeit Camping Lain am See. Vom Campingplatz M\u00fcnchen-Obermenzing aus sind es ungef\u00e4hr 45 Minuten mit dem Fahrrad bis direkt in die Innenstadt. Etwas weiter von M\u00fcnchen entfernt, aber dennoch sehr empfehlenswert sind auch der Campingplatz in Utting am Ammersee und der Campingplatz bei Landsberg am Lech!<\/p>\n<p>Oder m\u00f6chten Sie lieber in M\u00fcnchen bleiben und Sehensw\u00fcrdigkeiten wie den K\u00f6nigsplatz, die Allianz-Arena oder die Pinakotheken besuchen? Auch der Odeonsplatz oder der Viktualienmarkt sind auf jeden Fall einen Abstecher wert.<\/p>\n<p>Ein Geheimtipp ist die Surferwelle am Eisbach im Englischen Garten. Hier gibt es einen Wasserstrom, auf dem bei gutem Wetter viele Sportler mit ihren Surfboards gro\u00dfartige Kunstst\u00fccke auf dem Wasser zeigen.<\/p>\n<p>Ein Stellplatz in M\u00fcnchen klingt nicht so nach dem was Sie suchen? Wenn Sie sich schon einen Camper mieten, m\u00f6chten Sie diese einmalige Gelegenheit auch so richtig ausnutzen? Vielleicht suchen Sie nach einem Abendteuer au\u00dferhalb der Gro\u00dfstadt? Dann ist M\u00fcnchen der perfekte Startpunkt f\u00fcr Ihren n\u00e4chsten Roadtrip nach S\u00fcdeuropa! Von der Landeshauptstadt erreichen Sie im Handumdrehen \u00d6sterreich und Italien, k\u00f6nnen aber auch die Schweiz, Slowenien und Kroatien besuchen.<\/p>\n<p>Italien ist nat\u00fcrlich das Ziel vieler Reisen. Mit einem Wohnmobil ist man auf seiner Reise komplett unabh\u00e4ngig und kann so die wundersch\u00f6nen Seiten dieses Landes auf seine ganz eigene Art erkunden. Mit einem gemieteten Campingbus geht es zum Beispiel \u00fcber den Brenner in wenigen Minuten raus aus Deutschland und auf in den Urlaub. Sobald man das Wohnmobil auf dem Campingplatz abgestellt hat, kann man den guten italienischen Espresso genie\u00dfen und in der Sonne baden.<\/p>\n<p>Auch S\u00fcdtirol und die Alpen stehen bei vielen Reisenden ganz oben auf der Reise-Liste. Warum also nicht mit dem Camper Richtung Berge fahren und all die M\u00f6glichkeiten einer Wohnmobilvermietung auskosten? Rund um den Gardasee gibt es viele Campingpl\u00e4tze, um sein Reisemobil abzustellen. Wie w\u00e4re es mit einer Reise nach Garda und Lazise?<\/p>\n<p>Und? Haben Sie schon Lust auf Urlaub bekommen? Dann besuchen Sie doch unsere Wohnmobilvermietung, sehen sich unsere vielen Fahrzeuge an, mieten Ihren eignen Campingbus und starten in Ihr n\u00e4chstes Abendteuer! Bei unserer Wohnmobilvermietung in M\u00fcnchen und Umgebung gibt es eine gro\u00dfe Auswahl an Reisemobilen und Wohnmobilen. Egal f\u00fcr welches Fahrzeug Sie sich letztendlich entscheiden \u2013 als Mieter unserer Wohnmobile sind Sie bestens ausgestattet f\u00fcr eine wundersch\u00f6ne Reise durch Deutschland und S\u00fcdeuropa. Erkunden Sie neue St\u00e4dte und Sehensw\u00fcrdigkeiten und \u00fcberzeugen Sie sich selbst von unserem Wohnmobil-Angebot! Ob Kastenwagen, Camper oder Wohnmobil \u2013 bei uns werden Sie auf jeden Fall das richtige Fahrzeug f\u00fcr Ihren n\u00e4chsten Urlaub finden.<\/p>\n<p>Finden Sie jetzt Ihr Traum-Wohnmobil oder Camper bei unserer Wohnmobilvermietung in M\u00fcnchen und Umgebung!<\/p>\n<p>Falls Sie Fragen zur Vermietung unserer Fahrzeuge haben, wenden Sie sich gerne an unser Team und wir beraten Sie gerne. Wir erkl\u00e4ren Ihnen gerne alle Details zu unseren Fahrzeugen \u2013 egal ob Ausstattung, Miete und weitere Details zur Vermietung \u2013 wir sind f\u00fcr Sie da! Mit unseren Campern und Wohnmobilen erleben Sie ein v\u00f6llig neues Erlebnis auf jeder Reise.<\/p>\n<\/div><div class=\"fusion-clearfix\"><\/div><\/div><\/div><\/div><\/div>\n","protected":false},"excerpt":{"rendered":"","protected":false},"author":1,"featured_media":0,"parent":0,"menu_order":0,"comment_status":"closed","ping_status":"closed","template":"100-width.php","meta":{"_acf_changed":false,"footnotes":""},"class_list":["post-2139","page","type-page","status-publish","hentry"],"acf":[],"_links":{"self":[{"href":"https:\/\/max2consulting.net\/wohnmobilcenter\/wp-json\/wp\/v2\/pages\/2139","targetHints":{"allow":["GET"]}}],"collection":[{"href":"https:\/\/max2consulting.net\/wohnmobilcenter\/wp-json\/wp\/v2\/pages"}],"about":[{"href":"https:\/\/max2consulting.net\/wohnmobilcenter\/wp-json\/wp\/v2\/types\/page"}],"author":[{"embeddable":true,"href":"https:\/\/max2consulting.net\/wohnmobilcenter\/wp-json\/wp\/v2\/users\/1"}],"replies":[{"embeddable":true,"href":"https:\/\/max2consulting.net\/wohnmobilcenter\/wp-json\/wp\/v2\/comments?post=2139"}],"version-history":[{"count":2,"href":"https:\/\/max2consulting.net\/wohnmobilcenter\/wp-json\/wp\/v2\/pages\/2139\/revisions"}],"predecessor-version":[{"id":4492,"href":"https:\/\/max2consulting.net\/wohnmobilcenter\/wp-json\/wp\/v2\/pages\/2139\/revisions\/4492"}],"wp:attachment":[{"href":"https:\/\/max2consulting.net\/wohnmobilcenter\/wp-json\/wp\/v2\/media?parent=2139"}],"curies":[{"name":"wp","href":"https:\/\/api.w.org\/{rel}","templated":true}]}}