{"id":4008,"date":"2022-02-16T12:16:46","date_gmt":"2022-02-16T11:16:46","guid":{"rendered":"https:\/\/wohnmobilcenter-muenchen.de\/?page_id=4008"},"modified":"2022-05-18T12:57:52","modified_gmt":"2022-05-18T10:57:52","slug":"news-und-aktuelles","status":"publish","type":"page","link":"https:\/\/max2consulting.net\/wohnmobilcenter\/news-und-aktuelles\/","title":{"rendered":"News &#038; Aktuelles"},"content":{"rendered":"<div class=\"fusion-fullwidth fullwidth-box fusion-builder-row-1 fusion-flex-container gradient-container-1 nonhundred-percent-fullwidth non-hundred-percent-height-scrolling\" style=\"--awb-border-radius-top-left:0px;--awb-border-radius-top-right:0px;--awb-border-radius-bottom-right:0px;--awb-border-radius-bottom-left:0px;\" ><div class=\"fusion-builder-row fusion-row fusion-flex-align-items-flex-start\" style=\"max-width:1144px;margin-left: calc(-4% \/ 2 );margin-right: calc(-4% \/ 2 );\"><div class=\"fusion-layout-column fusion_builder_column fusion-builder-column-0 fusion_builder_column_1_1 1_1 fusion-flex-column\" style=\"--awb-bg-size:cover;--awb-width-large:100%;--awb-margin-top-large:0px;--awb-spacing-right-large:1.92%;--awb-margin-bottom-large:50px;--awb-spacing-left-large:1.92%;--awb-width-medium:100%;--awb-order-medium:0;--awb-spacing-right-medium:1.92%;--awb-spacing-left-medium:1.92%;--awb-width-small:100%;--awb-order-small:0;--awb-spacing-right-small:1.92%;--awb-spacing-left-small:1.92%;\"><div class=\"fusion-column-wrapper fusion-column-has-shadow fusion-flex-justify-content-flex-start fusion-content-layout-column\"><div class=\"fusion-text fusion-text-1\" style=\"--awb-text-transform:none;\"><h1 class=\"fusion-responsive-typography-calculated\" data-fontsize=\"34\" data-lineheight=\"47.6px\">News &amp; Aktuelles<\/h1>\n<h2 class=\"fusion-responsive-typography-calculated\" data-fontsize=\"34\" data-lineheight=\"47.6px\"><span style=\"color: #333333;\">Hier informieren wir Sie \u00fcber News, wertvolle Tipps &amp; Tricks, Neuigkeiten und Trends rund um das Thema Camping und Wohnmobile.<\/span><\/h2>\n<\/div><\/div><\/div><div class=\"fusion-layout-column fusion_builder_column fusion-builder-column-1 fusion_builder_column_1_1 1_1 fusion-flex-column\" style=\"--awb-bg-size:cover;--awb-width-large:100%;--awb-margin-top-large:0px;--awb-spacing-right-large:1.92%;--awb-margin-bottom-large:20px;--awb-spacing-left-large:1.92%;--awb-width-medium:100%;--awb-order-medium:0;--awb-spacing-right-medium:1.92%;--awb-spacing-left-medium:1.92%;--awb-width-small:100%;--awb-order-small:0;--awb-spacing-right-small:1.92%;--awb-spacing-left-small:1.92%;\"><div class=\"fusion-column-wrapper fusion-column-has-shadow fusion-flex-justify-content-flex-start fusion-content-layout-column\"><div class=\"fusion-blog-shortcode fusion-blog-shortcode-1 fusion-blog-archive fusion-blog-layout-medium fusion-blog-infinite\"><div class=\"fusion-posts-container fusion-posts-container-infinite fusion-posts-container-load-more\" data-pages=\"12\"><article id=\"blog-1-post-5732\" class=\"fusion-post-medium post-5732 post type-post status-publish format-standard has-post-thumbnail hentry category-camping category-wohnmobil tag-wintercamping\">\n\t<style type=\"text\/css\">\n\t\t\n\t\t\n\t\t\n\t\t\n\t\t\t<\/style>\n\n\n\t\t\t<div class=\"fusion-flexslider flexslider fusion-flexslider-loading fusion-post-slideshow\" style=\"\">\n\t\t<ul class=\"slides\">\n\t\t\t\n\t\t\t\t\t\t\t\t\t\t\t\t\t\t<li><div  class=\"fusion-image-wrapper fusion-image-size-fixed\" aria-haspopup=\"true\">\n\t\t\t\t\t\t\t<a href=\"https:\/\/max2consulting.net\/wohnmobilcenter\/silvester-2023-tipps-fuer-camping-ueber-silvester-in-bayern\/\" aria-label=\"Silvester 2023: Tipps f\u00fcr Camping \u00fcber Silvester in Bayern\">\n\t\t\t\t\t\t\t<img decoding=\"async\" width=\"320\" height=\"202\" src=\"https:\/\/max2consulting.net\/wohnmobilcenter\/wp-content\/uploads\/sites\/29\/2023\/12\/Silvester-Camping-Familie-320x202.jpg\" class=\"attachment-blog-medium size-blog-medium wp-post-image\" alt=\"\" srcset=\"https:\/\/max2consulting.net\/wohnmobilcenter\/wp-content\/uploads\/sites\/29\/2023\/12\/Silvester-Camping-Familie-320x202.jpg 320w, https:\/\/max2consulting.net\/wohnmobilcenter\/wp-content\/uploads\/sites\/29\/2023\/12\/Silvester-Camping-Familie-700x441.jpg 700w\" sizes=\"(max-width: 320px) 100vw, 320px\" \/>\t\t\t<\/a>\n\t\t\t\t\t\t\t<\/div>\n<\/li>\n\t\t\t\n\t\t\t\n\t\t\t\t\t\t\t\t\t\t\t\t\t\t\t\t\t\t\t\t\t\t\t\t\t\t\t\t\t\t\t\t\t\t\t\t\t\t\t\t\t\t\t\t\t\t\t\t\t\t\t\t\t\t\t\t\t\t\t\t\t\t\t\t\t\t\t\t<\/ul>\n\t<\/div>\n\t<div class=\"fusion-post-content post-content\"><h2 class=\"blog-shortcode-post-title entry-title\"><a href=\"https:\/\/max2consulting.net\/wohnmobilcenter\/silvester-2023-tipps-fuer-camping-ueber-silvester-in-bayern\/\">Silvester 2023: Tipps f\u00fcr Camping \u00fcber Silvester in Bayern<\/a><\/h2><div class=\"fusion-post-content-container\"><p> Silvester Camping in Bayern f\u00fcr einen besinnlichen Jahresausklang in der bayerischen Natur Bayern bietet den perfekten Ort, um das Neue Jahr im Freien zu begr\u00fc\u00dfen. Camping an Silvester bietet eine aufregende und beliebte M\u00f6glichkeit, das Jahr 2023 auf eine andere Art und Weise zu verabschieden. Hier sind einige Gr\u00fcnde,  [...]<\/p><\/div><\/div><div class=\"fusion-clearfix\"><\/div><div class=\"fusion-meta-info\"><div class=\"fusion-alignleft\"><span class=\"vcard\" style=\"display: none;\"><span class=\"fn\"><a href=\"https:\/\/max2consulting.net\/wohnmobilcenter\/author\/footstepsltdgmail-com\/\" title=\"Beitr\u00e4ge von Ben Mueller\" rel=\"author\">Ben Mueller<\/a><\/span><\/span><span class=\"updated\" style=\"display:none;\">2023-12-21T12:49:18+01:00<\/span><a href=\"https:\/\/max2consulting.net\/wohnmobilcenter\/category\/camping\/\" rel=\"category tag\">Camping<\/a>, <a href=\"https:\/\/max2consulting.net\/wohnmobilcenter\/category\/wohnmobil\/\" rel=\"category tag\">Wohnmobil<\/a><span class=\"fusion-inline-sep\">|<\/span><\/div><div class=\"fusion-alignright\"><a class=\"fusion-read-more\" href=\"https:\/\/max2consulting.net\/wohnmobilcenter\/silvester-2023-tipps-fuer-camping-ueber-silvester-in-bayern\/\" aria-label=\"More on Silvester 2023: Tipps f\u00fcr Camping \u00fcber Silvester in Bayern\">Read More<\/a><\/div><\/div><\/article>\n<article id=\"blog-1-post-5708\" class=\"fusion-post-medium post-5708 post type-post status-publish format-standard has-post-thumbnail hentry category-camping category-wohnmobil tag-wintercamping\">\n\t<style type=\"text\/css\">\n\t\t\n\t\t\n\t\t\n\t\t\n\t\t\t<\/style>\n\n\n\t\t\t<div class=\"fusion-flexslider flexslider fusion-flexslider-loading fusion-post-slideshow\" style=\"\">\n\t\t<ul class=\"slides\">\n\t\t\t\n\t\t\t\t\t\t\t\t\t\t\t\t\t\t<li><div  class=\"fusion-image-wrapper fusion-image-size-fixed\" aria-haspopup=\"true\">\n\t\t\t\t\t\t\t<a href=\"https:\/\/max2consulting.net\/wohnmobilcenter\/beliebteste-reiseziele-zum-wintercamping-mit-dem-wohnmobil\/\" aria-label=\"Beliebteste Reiseziele zum Wintercamping mit dem Wohnmobil\">\n\t\t\t\t\t\t\t<img decoding=\"async\" width=\"320\" height=\"202\" src=\"https:\/\/max2consulting.net\/wohnmobilcenter\/wp-content\/uploads\/sites\/29\/2023\/11\/Wohnmobil-in-Winterlandschaft-320x202.jpg\" class=\"attachment-blog-medium size-blog-medium wp-post-image\" alt=\"\" srcset=\"https:\/\/max2consulting.net\/wohnmobilcenter\/wp-content\/uploads\/sites\/29\/2023\/11\/Wohnmobil-in-Winterlandschaft-320x202.jpg 320w, https:\/\/max2consulting.net\/wohnmobilcenter\/wp-content\/uploads\/sites\/29\/2023\/11\/Wohnmobil-in-Winterlandschaft-700x441.jpg 700w\" sizes=\"(max-width: 320px) 100vw, 320px\" \/>\t\t\t<\/a>\n\t\t\t\t\t\t\t<\/div>\n<\/li>\n\t\t\t\n\t\t\t\n\t\t\t\t\t\t\t\t\t\t\t\t\t\t\t\t\t\t\t\t\t\t\t\t\t\t\t\t\t\t\t\t\t\t\t\t\t\t\t\t\t\t\t\t\t\t\t\t\t\t\t\t\t\t\t\t\t\t\t\t\t\t\t\t\t\t\t\t<\/ul>\n\t<\/div>\n\t<div class=\"fusion-post-content post-content\"><h2 class=\"blog-shortcode-post-title entry-title\"><a href=\"https:\/\/max2consulting.net\/wohnmobilcenter\/beliebteste-reiseziele-zum-wintercamping-mit-dem-wohnmobil\/\">Beliebteste Reiseziele zum Wintercamping mit dem Wohnmobil<\/a><\/h2><div class=\"fusion-post-content-container\"><p> Beliebteste Reiseziele zum Wintercamping mit dem Wohnmobil Das Camping im Winter wird immer beliebter, da es eine gro\u00dfartige M\u00f6glichkeit bietet, den Urlaub in der Natur zu verbringen und gleichzeitig den kalten Temperaturen zu entfliehen. In diesem Blog werden einige der sch\u00f6nsten Reiseziele im Winter mit dem Wohnmobil vorgestellt. Hier  [...]<\/p><\/div><\/div><div class=\"fusion-clearfix\"><\/div><div class=\"fusion-meta-info\"><div class=\"fusion-alignleft\"><span class=\"vcard\" style=\"display: none;\"><span class=\"fn\"><a href=\"https:\/\/max2consulting.net\/wohnmobilcenter\/author\/footstepsltdgmail-com\/\" title=\"Beitr\u00e4ge von Ben Mueller\" rel=\"author\">Ben Mueller<\/a><\/span><\/span><span class=\"updated\" style=\"display:none;\">2023-11-29T13:45:49+01:00<\/span><a href=\"https:\/\/max2consulting.net\/wohnmobilcenter\/category\/camping\/\" rel=\"category tag\">Camping<\/a>, <a href=\"https:\/\/max2consulting.net\/wohnmobilcenter\/category\/wohnmobil\/\" rel=\"category tag\">Wohnmobil<\/a><span class=\"fusion-inline-sep\">|<\/span><\/div><div class=\"fusion-alignright\"><a class=\"fusion-read-more\" href=\"https:\/\/max2consulting.net\/wohnmobilcenter\/beliebteste-reiseziele-zum-wintercamping-mit-dem-wohnmobil\/\" aria-label=\"More on Beliebteste Reiseziele zum Wintercamping mit dem Wohnmobil\">Read More<\/a><\/div><\/div><\/article>\n<article id=\"blog-1-post-5691\" class=\"fusion-post-medium post-5691 post type-post status-publish format-standard has-post-thumbnail hentry category-camping category-wohnmobil tag-wintercamping\">\n\t<style type=\"text\/css\">\n\t\t\n\t\t\n\t\t\n\t\t\n\t\t\t<\/style>\n\n\n\t\t\t<div class=\"fusion-flexslider flexslider fusion-flexslider-loading fusion-post-slideshow\" style=\"\">\n\t\t<ul class=\"slides\">\n\t\t\t\n\t\t\t\t\t\t\t\t\t\t\t\t\t\t<li><div  class=\"fusion-image-wrapper fusion-image-size-fixed\" aria-haspopup=\"true\">\n\t\t\t\t\t\t\t<a href=\"https:\/\/max2consulting.net\/wohnmobilcenter\/wintercamping-im-wohnmobil\/\" aria-label=\"Wintercamping im Wohnmobil\">\n\t\t\t\t\t\t\t<img decoding=\"async\" width=\"320\" height=\"202\" src=\"https:\/\/max2consulting.net\/wohnmobilcenter\/wp-content\/uploads\/sites\/29\/2023\/11\/Wintercamping-im-Wohnmobil-320x202.jpg\" class=\"attachment-blog-medium size-blog-medium wp-post-image\" alt=\"Wintercamping-im-Wohnmobil\" srcset=\"https:\/\/max2consulting.net\/wohnmobilcenter\/wp-content\/uploads\/sites\/29\/2023\/11\/Wintercamping-im-Wohnmobil-320x202.jpg 320w, https:\/\/max2consulting.net\/wohnmobilcenter\/wp-content\/uploads\/sites\/29\/2023\/11\/Wintercamping-im-Wohnmobil-700x441.jpg 700w\" sizes=\"(max-width: 320px) 100vw, 320px\" \/>\t\t\t<\/a>\n\t\t\t\t\t\t\t<\/div>\n<\/li>\n\t\t\t\n\t\t\t\n\t\t\t\t\t\t\t\t\t\t\t\t\t\t\t\t\t\t\t\t\t\t\t\t\t\t\t\t\t\t\t\t\t\t\t\t\t\t\t\t\t\t\t\t\t\t\t\t\t\t\t\t\t\t\t\t\t\t\t\t\t\t\t\t\t\t\t\t<\/ul>\n\t<\/div>\n\t<div class=\"fusion-post-content post-content\"><h2 class=\"blog-shortcode-post-title entry-title\"><a href=\"https:\/\/max2consulting.net\/wohnmobilcenter\/wintercamping-im-wohnmobil\/\">Wintercamping im Wohnmobil<\/a><\/h2><div class=\"fusion-post-content-container\"><p> Vorbereitungen f\u00fcr das Wintercamping im Wohnmobil Das Camping im Camper oder Wohnwagen bietet eine einzigartige Erfahrung und eine Vielzahl von Vorteilen. Um diese Winterabenteuer sicher und angenehm zu gestalten, ist es wichtig, sich gut vorzubereiten. Hier werden wir die Vorteile des Campings im Winter im Camper untersuchen und eine  [...]<\/p><\/div><\/div><div class=\"fusion-clearfix\"><\/div><div class=\"fusion-meta-info\"><div class=\"fusion-alignleft\"><span class=\"vcard\" style=\"display: none;\"><span class=\"fn\"><a href=\"https:\/\/max2consulting.net\/wohnmobilcenter\/author\/footstepsltdgmail-com\/\" title=\"Beitr\u00e4ge von Ben Mueller\" rel=\"author\">Ben Mueller<\/a><\/span><\/span><span class=\"updated\" style=\"display:none;\">2023-11-20T13:08:23+01:00<\/span><a href=\"https:\/\/max2consulting.net\/wohnmobilcenter\/category\/camping\/\" rel=\"category tag\">Camping<\/a>, <a href=\"https:\/\/max2consulting.net\/wohnmobilcenter\/category\/wohnmobil\/\" rel=\"category tag\">Wohnmobil<\/a><span class=\"fusion-inline-sep\">|<\/span><\/div><div class=\"fusion-alignright\"><a class=\"fusion-read-more\" href=\"https:\/\/max2consulting.net\/wohnmobilcenter\/wintercamping-im-wohnmobil\/\" aria-label=\"More on Wintercamping im Wohnmobil\">Read More<\/a><\/div><\/div><\/article>\n<article id=\"blog-1-post-5366\" class=\"fusion-post-medium post-5366 post type-post status-publish format-standard has-post-thumbnail hentry category-wohnmobilumbau-nachruestungen tag-nachruestung tag-wohnmobilumbau\">\n\t<style type=\"text\/css\">\n\t\t\n\t\t\n\t\t\n\t\t\n\t\t\t<\/style>\n\n\n\t\t\t<div class=\"fusion-flexslider flexslider fusion-flexslider-loading fusion-post-slideshow\" style=\"\">\n\t\t<ul class=\"slides\">\n\t\t\t\n\t\t\t\t\t\t\t\t\t\t\t\t\t\t<li><div  class=\"fusion-image-wrapper fusion-image-size-fixed\" aria-haspopup=\"true\">\n\t\t\t\t\t\t\t<a href=\"https:\/\/max2consulting.net\/wohnmobilcenter\/umbau-des-hymer-ml-i-790-teil-1\/\" aria-label=\"Umbau des Hymer ML I 790 &#8211; Teil 1\">\n\t\t\t\t\t\t\t<img decoding=\"async\" width=\"320\" height=\"202\" src=\"https:\/\/max2consulting.net\/wohnmobilcenter\/wp-content\/uploads\/sites\/29\/2023\/06\/cfb175-320x202.jpeg\" class=\"attachment-blog-medium size-blog-medium wp-post-image\" alt=\"\" \/>\t\t\t<\/a>\n\t\t\t\t\t\t\t<\/div>\n<\/li>\n\t\t\t\n\t\t\t\n\t\t\t\t\t\t\t\t\t\t\t\t\t\t\t\t\t\t\t\t\t\t\t\t\t\t\t\t\t\t\t\t\t\t\t\t\t\t\t\t\t\t\t\t\t\t\t\t\t\t\t\t\t\t\t\t\t\t\t\t\t\t\t\t\t\t\t\t<\/ul>\n\t<\/div>\n\t<div class=\"fusion-post-content post-content\"><h2 class=\"blog-shortcode-post-title entry-title\"><a href=\"https:\/\/max2consulting.net\/wohnmobilcenter\/umbau-des-hymer-ml-i-790-teil-1\/\">Umbau des Hymer ML I 790 &#8211; Teil 1<\/a><\/h2><div class=\"fusion-post-content-container\"><p> Umbau des Hymer ML I 790 - Teil 1 Freuen Sie sich auf den bevorstehenden Umbau eines Wohnmobils der Marke Hymer ML I 790! Dieses au\u00dfergew\u00f6hnliche Fahrzeug wird mit einer komplett neuen Lederausstattung vom Feinsten versehen, und zwar in der atemberaubenden Farbe Lamborghini Nappaleder Bianco. Die Wahl dieses exklusiven  [...]<\/p><\/div><\/div><div class=\"fusion-clearfix\"><\/div><div class=\"fusion-meta-info\"><div class=\"fusion-alignleft\"><span class=\"vcard\" style=\"display: none;\"><span class=\"fn\"><a href=\"https:\/\/max2consulting.net\/wohnmobilcenter\/author\/footstepsltdgmail-com\/\" title=\"Beitr\u00e4ge von Ben Mueller\" rel=\"author\">Ben Mueller<\/a><\/span><\/span><span class=\"updated\" style=\"display:none;\">2023-06-01T11:38:24+02:00<\/span><a href=\"https:\/\/max2consulting.net\/wohnmobilcenter\/category\/wohnmobilumbau-nachruestungen\/\" rel=\"category tag\">Wohnmobilumbau &amp; Nachr\u00fcstungen<\/a><span class=\"fusion-inline-sep\">|<\/span><\/div><div class=\"fusion-alignright\"><a class=\"fusion-read-more\" href=\"https:\/\/max2consulting.net\/wohnmobilcenter\/umbau-des-hymer-ml-i-790-teil-1\/\" aria-label=\"More on Umbau des Hymer ML I 790 &#8211; Teil 1\">Read More<\/a><\/div><\/div><\/article>\n<article id=\"blog-1-post-5262\" class=\"fusion-post-medium post-5262 post type-post status-publish format-standard has-post-thumbnail hentry category-wohnmobil tag-camping tag-muenchen tag-wohnmobilvermietung\">\n\t<style type=\"text\/css\">\n\t\t\n\t\t\n\t\t\n\t\t\n\t\t\t<\/style>\n\n\n\t\t\t<div class=\"fusion-flexslider flexslider fusion-flexslider-loading fusion-post-slideshow\" style=\"\">\n\t\t<ul class=\"slides\">\n\t\t\t\n\t\t\t\t\t\t\t\t\t\t\t\t\t\t<li><div  class=\"fusion-image-wrapper fusion-image-size-fixed\" aria-haspopup=\"true\">\n\t\t\t\t\t\t\t<a href=\"https:\/\/max2consulting.net\/wohnmobilcenter\/wohnmobilverleih-in-muenchen-und-umgebung\/\" aria-label=\"Wohnmobilverleih in M\u00fcnchen und Umgebung\">\n\t\t\t\t\t\t\t<img decoding=\"async\" width=\"320\" height=\"202\" src=\"https:\/\/max2consulting.net\/wohnmobilcenter\/wp-content\/uploads\/sites\/29\/2023\/04\/Wohnmobilevermietung-muenchen-320x202.jpg\" class=\"attachment-blog-medium size-blog-medium wp-post-image\" alt=\"\" \/>\t\t\t<\/a>\n\t\t\t\t\t\t\t<\/div>\n<\/li>\n\t\t\t\n\t\t\t\n\t\t\t\t\t\t\t\t\t\t\t\t\t\t\t\t\t\t\t\t\t\t\t\t\t\t\t\t\t\t\t\t\t\t\t\t\t\t\t\t\t\t\t\t\t\t\t\t\t\t\t\t\t\t\t\t\t\t\t\t\t\t\t\t\t\t\t\t<\/ul>\n\t<\/div>\n\t<div class=\"fusion-post-content post-content\"><h2 class=\"blog-shortcode-post-title entry-title\"><a href=\"https:\/\/max2consulting.net\/wohnmobilcenter\/wohnmobilverleih-in-muenchen-und-umgebung\/\">Wohnmobilverleih in M\u00fcnchen und Umgebung<\/a><\/h2><div class=\"fusion-post-content-container\"><p> Wohnmobilverleih in M\u00fcnchen und Umgebung Der Wohnmobilverleih erfreut sich in M\u00fcnchen und der umliegenden Region gro\u00dfer Beliebtheit. Immer mehr Menschen entdecken die Freiheit und Flexibilit\u00e4t, die ein Wohnmobilurlaub bietet. Hier sind einige der Vorteile und M\u00f6glichkeiten des Wohnmobilverleihs im Raum M\u00fcnchen. Flexibilit\u00e4t und Unabh\u00e4ngigkeit Ein Urlaub mit dem Wohnmobil  [...]<\/p><\/div><\/div><div class=\"fusion-clearfix\"><\/div><div class=\"fusion-meta-info\"><div class=\"fusion-alignleft\"><span class=\"vcard\" style=\"display: none;\"><span class=\"fn\"><a href=\"https:\/\/max2consulting.net\/wohnmobilcenter\/author\/footstepsltdgmail-com\/\" title=\"Beitr\u00e4ge von Ben Mueller\" rel=\"author\">Ben Mueller<\/a><\/span><\/span><span class=\"updated\" style=\"display:none;\">2023-04-16T10:54:05+02:00<\/span><a href=\"https:\/\/max2consulting.net\/wohnmobilcenter\/category\/wohnmobil\/\" rel=\"category tag\">Wohnmobil<\/a><span class=\"fusion-inline-sep\">|<\/span><\/div><div class=\"fusion-alignright\"><a class=\"fusion-read-more\" href=\"https:\/\/max2consulting.net\/wohnmobilcenter\/wohnmobilverleih-in-muenchen-und-umgebung\/\" aria-label=\"More on Wohnmobilverleih in M\u00fcnchen und Umgebung\">Read More<\/a><\/div><\/div><\/article>\n<article id=\"blog-1-post-5257\" class=\"fusion-post-medium post-5257 post type-post status-publish format-standard has-post-thumbnail hentry category-wohnmobil tag-camping tag-reiseziele tag-wohnmobilvermietung\">\n\t<style type=\"text\/css\">\n\t\t\n\t\t\n\t\t\n\t\t\n\t\t\t<\/style>\n\n\n\t\t\t<div class=\"fusion-flexslider flexslider fusion-flexslider-loading fusion-post-slideshow\" style=\"\">\n\t\t<ul class=\"slides\">\n\t\t\t\n\t\t\t\t\t\t\t\t\t\t\t\t\t\t<li><div  class=\"fusion-image-wrapper fusion-image-size-fixed\" aria-haspopup=\"true\">\n\t\t\t\t\t\t\t<a href=\"https:\/\/max2consulting.net\/wohnmobilcenter\/mit-dem-wohnmobil-in-den-fruehling-starten\/\" aria-label=\"Mit dem Wohnmobil in den Fr\u00fchling starten\">\n\t\t\t\t\t\t\t<img decoding=\"async\" width=\"320\" height=\"202\" src=\"https:\/\/max2consulting.net\/wohnmobilcenter\/wp-content\/uploads\/sites\/29\/2023\/04\/Start-Fuehlingssaison-320x202.jpg\" class=\"attachment-blog-medium size-blog-medium wp-post-image\" alt=\"\" \/>\t\t\t<\/a>\n\t\t\t\t\t\t\t<\/div>\n<\/li>\n\t\t\t\n\t\t\t\n\t\t\t\t\t\t\t\t\t\t\t\t\t\t\t\t\t\t\t\t\t\t\t\t\t\t\t\t\t\t\t\t\t\t\t\t\t\t\t\t\t\t\t\t\t\t\t\t\t\t\t\t\t\t\t\t\t\t\t\t\t\t\t\t\t\t\t\t<\/ul>\n\t<\/div>\n\t<div class=\"fusion-post-content post-content\"><h2 class=\"blog-shortcode-post-title entry-title\"><a href=\"https:\/\/max2consulting.net\/wohnmobilcenter\/mit-dem-wohnmobil-in-den-fruehling-starten\/\">Mit dem Wohnmobil in den Fr\u00fchling starten<\/a><\/h2><div class=\"fusion-post-content-container\"><p> Mit dem Wohnmobil in den Fr\u00fchling starten Unsere Checkliste zur Saisonvorbereitung Eine detaillierte Checkliste hilft dabei, alle wichtigen Punkte f\u00fcr einen gelungenen Start in die neue Camping-Saison abzuarbeiten. Dazu z\u00e4hlen unter anderem die Au\u00dfenreinigung, Gaspr\u00fcfung, Kontrolle der Dichtungen, technische Inspektion, Planung der Route und das Zusammenstellen einer Reiseapotheke f\u00fcr  [...]<\/p><\/div><\/div><div class=\"fusion-clearfix\"><\/div><div class=\"fusion-meta-info\"><div class=\"fusion-alignleft\"><span class=\"vcard\" style=\"display: none;\"><span class=\"fn\"><a href=\"https:\/\/max2consulting.net\/wohnmobilcenter\/author\/footstepsltdgmail-com\/\" title=\"Beitr\u00e4ge von Ben Mueller\" rel=\"author\">Ben Mueller<\/a><\/span><\/span><span class=\"updated\" style=\"display:none;\">2023-04-16T10:40:45+02:00<\/span><a href=\"https:\/\/max2consulting.net\/wohnmobilcenter\/category\/wohnmobil\/\" rel=\"category tag\">Wohnmobil<\/a><span class=\"fusion-inline-sep\">|<\/span><\/div><div class=\"fusion-alignright\"><a class=\"fusion-read-more\" href=\"https:\/\/max2consulting.net\/wohnmobilcenter\/mit-dem-wohnmobil-in-den-fruehling-starten\/\" aria-label=\"More on Mit dem Wohnmobil in den Fr\u00fchling starten\">Read More<\/a><\/div><\/div><\/article>\n<\/div><div class=\"fusion-infinite-scroll-trigger\"><\/div><div class=\"pagination infinite-scroll clearfix\" style=\"display:none;\"><span class=\"current\">1<\/span><a href=\"https:\/\/max2consulting.net\/wohnmobilcenter\/wp-json\/wp\/v2\/pages\/4008\/page\/2\/\" class=\"inactive\">2<\/a><a class=\"pagination-next\" rel=\"next\" href=\"https:\/\/max2consulting.net\/wohnmobilcenter\/wp-json\/wp\/v2\/pages\/4008\/page\/2\/\"><span class=\"page-text\">Next<\/span><span class=\"page-next\"><\/span><\/a><\/div><div class=\"fusion-clearfix\"><\/div><button class=\"fusion-load-more-button fusion-blog-button fusion-clearfix\">Load More Posts<\/button><\/div><\/div><\/div><\/div><\/div>\n","protected":false},"excerpt":{"rendered":"","protected":false},"author":1,"featured_media":0,"parent":0,"menu_order":0,"comment_status":"closed","ping_status":"closed","template":"","meta":{"_acf_changed":false,"footnotes":""},"class_list":["post-4008","page","type-page","status-publish","hentry"],"acf":[],"_links":{"self":[{"href":"https:\/\/max2consulting.net\/wohnmobilcenter\/wp-json\/wp\/v2\/pages\/4008","targetHints":{"allow":["GET"]}}],"collection":[{"href":"https:\/\/max2consulting.net\/wohnmobilcenter\/wp-json\/wp\/v2\/pages"}],"about":[{"href":"https:\/\/max2consulting.net\/wohnmobilcenter\/wp-json\/wp\/v2\/types\/page"}],"author":[{"embeddable":true,"href":"https:\/\/max2consulting.net\/wohnmobilcenter\/wp-json\/wp\/v2\/users\/1"}],"replies":[{"embeddable":true,"href":"https:\/\/max2consulting.net\/wohnmobilcenter\/wp-json\/wp\/v2\/comments?post=4008"}],"version-history":[{"count":2,"href":"https:\/\/max2consulting.net\/wohnmobilcenter\/wp-json\/wp\/v2\/pages\/4008\/revisions"}],"predecessor-version":[{"id":4394,"href":"https:\/\/max2consulting.net\/wohnmobilcenter\/wp-json\/wp\/v2\/pages\/4008\/revisions\/4394"}],"wp:attachment":[{"href":"https:\/\/max2consulting.net\/wohnmobilcenter\/wp-json\/wp\/v2\/media?parent=4008"}],"curies":[{"name":"wp","href":"https:\/\/api.w.org\/{rel}","templated":true}]}}