{"id":477,"date":"2017-03-13T14:28:14","date_gmt":"2017-03-13T13:28:14","guid":{"rendered":"https:\/\/wohnmobilcenter-muenchen.com\/?page_id=477"},"modified":"2022-05-16T15:55:15","modified_gmt":"2022-05-16T13:55:15","slug":"weitere-infos-zum-mieten-beim-wohnmobilcenter-muenchen","status":"publish","type":"page","link":"https:\/\/max2consulting.net\/wohnmobilcenter\/weitere-infos-zum-mieten-beim-wohnmobilcenter-muenchen\/","title":{"rendered":"weitere Infos zum Mieten beim Wohnmobilcenter M\u00fcnchen"},"content":{"rendered":"<p><div class=\"fusion-fullwidth fullwidth-box fusion-builder-row-1 gradient-container-1 nonhundred-percent-fullwidth non-hundred-percent-height-scrolling\" style=\"--awb-border-radius-top-left:0px;--awb-border-radius-top-right:0px;--awb-border-radius-bottom-right:0px;--awb-border-radius-bottom-left:0px;\" ><div class=\"fusion-builder-row fusion-row\"><div class=\"fusion-layout-column fusion_builder_column fusion-builder-column-0 fusion_builder_column_1_1 1_1 fusion-one-full fusion-column-first fusion-column-last\" style=\"--awb-bg-blend:overlay;--awb-bg-size:cover;\"><div class=\"fusion-column-wrapper fusion-flex-column-wrapper-legacy\"><div class=\"fusion-text fusion-text-1\"><h1>weitere Info<\/h1>\n<h3>Kategorien &amp; Preise pro Nacht:<\/h3>\n[table id=26 responsive=flip \/]\n<h3>unsere Wohnmobile verf\u00fcgen immer \u00fcber:<\/h3>\n<ul>\n<li>Navigationssystem- Android Auto \/ Apple Car Play<\/li>\n<li>Umweltschutzplakette Gr\u00fcn<\/li>\n<li>Warndreieck<\/li>\n<li>Verbandskasten<\/li>\n<li>Warnwesten f\u00fcr alle Insassen<\/li>\n<li>Stereo-Autoradio<\/li>\n<li>USB-Anschluss f\u00fcr mp3-Player<\/li>\n<li>Parkscheibe<\/li>\n<li>Klimanlage im Fahrerhaus<\/li>\n<li>Tempomat<\/li>\n<\/ul>\n<\/div><div class=\"fusion-text fusion-text-2\"><h3>Die Servicepauschale:<\/h3>\n<p>F\u00fcr alle Modelle berechnen wir je Vermietung eine Servicepauschale in H\u00f6he von 145.- Euro.<\/p>\n<p><strong>Diese Servicepauschale beinhaltet:<\/strong><\/p>\n<\/div><div class=\"fusion-clearfix\"><\/div><\/div><\/div><div class=\"fusion-layout-column fusion_builder_column fusion-builder-column-1 fusion_builder_column_1_2 1_2 fusion-one-half fusion-column-first fusion-column-inner-bg-wrapper fusion-column-liftup-border\" style=\"--awb-inner-bg-image:url(&#039;https:\/\/max2consulting.net\/wohnmobilcenter\/wp-content\/uploads\/sites\/29\/2017\/02\/hintergrund-150x150.jpg&#039;);--awb-inner-bg-size:cover;width:50%;width:calc(50% - ( ( 4% ) * 0.5 ) );margin-right: 4%;\"><span class=\"fusion-column-inner-bg hover-type-liftup\"><span class=\"fusion-column-anchor\"><span class=\"fusion-column-inner-bg-image\"><\/span><\/span><\/span><div class=\"fusion-column-wrapper fusion-flex-column-wrapper-legacy\" data-bg-url=\"https:\/\/max2consulting.net\/wohnmobilcenter\/wp-content\/uploads\/sites\/29\/2017\/02\/hintergrund-150x150.jpg\"><div class=\"fusion-image-element fusion-image-align-center in-legacy-container\" style=\"text-align:center;--awb-caption-title-size:var(--h2_typography-font-size);--awb-caption-title-transform:var(--h2_typography-text-transform);--awb-caption-title-line-height:var(--h2_typography-line-height);--awb-caption-title-letter-spacing:var(--h2_typography-letter-spacing);\"><div class=\"imageframe-align-center\"><span class=\" fusion-imageframe imageframe-none imageframe-1 hover-type-none\"><img decoding=\"async\" width=\"150\" height=\"150\" alt=\"wohnmobilcenter_icon\" title=\"wohnmobilcenter_wk\" src=\"https:\/\/max2consulting.net\/wohnmobilcenter\/wp-content\/uploads\/sites\/29\/2020\/11\/wohnmobilcenter_wk-150x150.png\" class=\"img-responsive wp-image-2883\" srcset=\"https:\/\/max2consulting.net\/wohnmobilcenter\/wp-content\/uploads\/sites\/29\/2020\/11\/wohnmobilcenter_wk-66x66.png 66w, https:\/\/max2consulting.net\/wohnmobilcenter\/wp-content\/uploads\/sites\/29\/2020\/11\/wohnmobilcenter_wk.png 150w\" sizes=\"(max-width: 150px) 100vw, 150px\" \/><\/span><\/div><\/div><div class=\"fusion-text fusion-text-3\"><p style=\"text-align: center;\"><span style=\"color: #ffffff;\"><strong>Betriebsbereite \u00dcbergabe des Fahrzeugs mit Gasbeh\u00e4lter (1 x 11 kg Flaschen), Auff\u00fcllung des Frischwassertanks, Toilettenkonzentrat<\/strong><\/span><\/p>\n<\/div><div class=\"fusion-clearfix\"><\/div><\/div><\/div><div class=\"fusion-layout-column fusion_builder_column fusion-builder-column-2 fusion_builder_column_1_2 1_2 fusion-one-half fusion-column-last fusion-column-inner-bg-wrapper fusion-column-liftup-border\" style=\"--awb-inner-bg-image:url(&#039;https:\/\/max2consulting.net\/wohnmobilcenter\/wp-content\/uploads\/sites\/29\/2017\/02\/hintergrund-150x150.jpg&#039;);--awb-inner-bg-size:cover;width:50%;width:calc(50% - ( ( 4% ) * 0.5 ) );\"><span class=\"fusion-column-inner-bg hover-type-liftup\"><span class=\"fusion-column-anchor\"><span class=\"fusion-column-inner-bg-image\"><\/span><\/span><\/span><div class=\"fusion-column-wrapper fusion-flex-column-wrapper-legacy\" data-bg-url=\"https:\/\/max2consulting.net\/wohnmobilcenter\/wp-content\/uploads\/sites\/29\/2017\/02\/hintergrund-150x150.jpg\"><div class=\"fusion-image-element fusion-image-align-center in-legacy-container\" style=\"text-align:center;--awb-caption-title-size:var(--h2_typography-font-size);--awb-caption-title-transform:var(--h2_typography-text-transform);--awb-caption-title-line-height:var(--h2_typography-line-height);--awb-caption-title-letter-spacing:var(--h2_typography-letter-spacing);\"><div class=\"imageframe-align-center\"><span class=\" fusion-imageframe imageframe-none imageframe-2 hover-type-none\"><img decoding=\"async\" width=\"150\" height=\"150\" alt=\"wohnmobilcenetr_service\" title=\"wohnmobilcenetr_service\" src=\"https:\/\/max2consulting.net\/wohnmobilcenter\/wp-content\/uploads\/sites\/29\/2020\/11\/wohnmobilcenetr_service-150x150.png\" class=\"img-responsive wp-image-2882\" srcset=\"https:\/\/max2consulting.net\/wohnmobilcenter\/wp-content\/uploads\/sites\/29\/2020\/11\/wohnmobilcenetr_service-66x66.png 66w, https:\/\/max2consulting.net\/wohnmobilcenter\/wp-content\/uploads\/sites\/29\/2020\/11\/wohnmobilcenetr_service.png 150w\" sizes=\"(max-width: 150px) 100vw, 150px\" \/><\/span><\/div><\/div><div class=\"fusion-text fusion-text-4\"><p style=\"text-align: center;\"><strong><span style=\"color: #ffffff;\">Technische \u00dcberpr\u00fcfung aller Ger\u00e4te im Wohnmobil sowie des Fahrzeugs<\/span><\/strong><\/p>\n<\/div><div class=\"fusion-clearfix\"><\/div><\/div><\/div><div class=\"fusion-layout-column fusion_builder_column fusion-builder-column-3 fusion_builder_column_1_2 1_2 fusion-one-half fusion-column-first fusion-column-inner-bg-wrapper fusion-column-liftup-border\" style=\"--awb-inner-bg-image:url(&#039;https:\/\/max2consulting.net\/wohnmobilcenter\/wp-content\/uploads\/sites\/29\/2017\/02\/hintergrund-150x150.jpg&#039;);--awb-inner-bg-size:cover;width:50%;width:calc(50% - ( ( 4% ) * 0.5 ) );margin-right: 4%;\"><span class=\"fusion-column-inner-bg hover-type-liftup\"><span class=\"fusion-column-anchor\"><span class=\"fusion-column-inner-bg-image\"><\/span><\/span><\/span><div class=\"fusion-column-wrapper fusion-flex-column-wrapper-legacy\" data-bg-url=\"https:\/\/max2consulting.net\/wohnmobilcenter\/wp-content\/uploads\/sites\/29\/2017\/02\/hintergrund-150x150.jpg\"><div class=\"fusion-image-element fusion-image-align-center in-legacy-container\" style=\"text-align:center;--awb-caption-title-size:var(--h2_typography-font-size);--awb-caption-title-transform:var(--h2_typography-text-transform);--awb-caption-title-line-height:var(--h2_typography-line-height);--awb-caption-title-letter-spacing:var(--h2_typography-letter-spacing);\"><div class=\"imageframe-align-center\"><span class=\" fusion-imageframe imageframe-none imageframe-3 hover-type-none\"><img decoding=\"async\" width=\"150\" height=\"150\" alt=\"Wohnmobilcenter Icon\" title=\"wohnmobilcenter_ fahrzeugeinweisung\" src=\"https:\/\/max2consulting.net\/wohnmobilcenter\/wp-content\/uploads\/sites\/29\/2020\/11\/wohnmobilcenter_-fahrzeugeinweisung-150x150.png\" class=\"img-responsive wp-image-2884\" srcset=\"https:\/\/max2consulting.net\/wohnmobilcenter\/wp-content\/uploads\/sites\/29\/2020\/11\/wohnmobilcenter_-fahrzeugeinweisung-66x66.png 66w, https:\/\/max2consulting.net\/wohnmobilcenter\/wp-content\/uploads\/sites\/29\/2020\/11\/wohnmobilcenter_-fahrzeugeinweisung.png 150w\" sizes=\"(max-width: 150px) 100vw, 150px\" \/><\/span><\/div><\/div><div class=\"fusion-text fusion-text-5\"><p style=\"text-align: center;\"><span style=\"color: #ffffff;\"><strong>Ausf\u00fchrliche und pers\u00f6nliche Fahrzeugeinweisung (bitte planen Sie bei der \u00dcbergabe hierf\u00fcr bis zu einer Stunde ein)<\/strong><\/span><\/p>\n<\/div><div class=\"fusion-clearfix\"><\/div><\/div><\/div><div class=\"fusion-layout-column fusion_builder_column fusion-builder-column-4 fusion_builder_column_1_2 1_2 fusion-one-half fusion-column-last fusion-column-inner-bg-wrapper fusion-column-liftup-border\" style=\"--awb-inner-bg-image:url(&#039;https:\/\/max2consulting.net\/wohnmobilcenter\/wp-content\/uploads\/sites\/29\/2017\/02\/hintergrund-150x150.jpg&#039;);--awb-inner-bg-size:cover;width:50%;width:calc(50% - ( ( 4% ) * 0.5 ) );\"><span class=\"fusion-column-inner-bg hover-type-liftup\"><a class=\"fusion-column-anchor\" href=\"http:\/\/truckwash-munich.de\/\"><span class=\"fusion-column-inner-bg-image\"><\/span><\/a><\/span><div class=\"fusion-column-wrapper fusion-flex-column-wrapper-legacy\" data-bg-url=\"https:\/\/max2consulting.net\/wohnmobilcenter\/wp-content\/uploads\/sites\/29\/2017\/02\/hintergrund-150x150.jpg\"><div class=\"fusion-image-element fusion-image-align-center in-legacy-container\" style=\"text-align:center;--awb-caption-title-size:var(--h2_typography-font-size);--awb-caption-title-transform:var(--h2_typography-text-transform);--awb-caption-title-line-height:var(--h2_typography-line-height);--awb-caption-title-letter-spacing:var(--h2_typography-letter-spacing);\"><div class=\"imageframe-align-center\"><span class=\" fusion-imageframe imageframe-none imageframe-4 hover-type-none\"><img decoding=\"async\" width=\"150\" height=\"150\" alt=\"Wohnmobilcenter Icon Carwash\" title=\"wohnmobilcenter_carwash\" src=\"https:\/\/max2consulting.net\/wohnmobilcenter\/wp-content\/uploads\/sites\/29\/2020\/11\/wohnmobilcenter_carwash-150x150.png\" class=\"img-responsive wp-image-2885\" srcset=\"https:\/\/max2consulting.net\/wohnmobilcenter\/wp-content\/uploads\/sites\/29\/2020\/11\/wohnmobilcenter_carwash-66x66.png 66w, https:\/\/max2consulting.net\/wohnmobilcenter\/wp-content\/uploads\/sites\/29\/2020\/11\/wohnmobilcenter_carwash.png 150w\" sizes=\"(max-width: 150px) 100vw, 150px\" \/><\/span><\/div><\/div><div class=\"fusion-text fusion-text-6\"><p style=\"text-align: center;\"><strong><span style=\"color: #ffffff;\">Waschmarke f\u00fcr die Waschanlage zur Au\u00dfenreinigung des Wohnmobils von<span style=\"color: #333333;\"> <a style=\"color: #333333;\" href=\"http:\/\/truckwash-munich.de\/\">Truckwash Munich<\/a><\/span><\/span><\/strong><\/p>\n<\/div><div class=\"fusion-clearfix\"><\/div><\/div><\/div><div class=\"fusion-layout-column fusion_builder_column fusion-builder-column-5 fusion_builder_column_1_1 1_1 fusion-one-full fusion-column-first fusion-column-last\" style=\"--awb-bg-size:cover;\"><div class=\"fusion-column-wrapper fusion-column-has-shadow fusion-flex-column-wrapper-legacy\"><div class=\"fusion-sep-clear\"><\/div><div class=\"fusion-separator fusion-full-width-sep\" style=\"margin-left: auto;margin-right: auto;margin-top:20px;margin-bottom:20px;width:100%;\"><\/div><div class=\"fusion-sep-clear\"><\/div><div class=\"fusion-aligncenter\"><a class=\"fusion-button button-flat fusion-button-default-size button-darkgray fusion-button-darkgray button-1 fusion-button-default-span fusion-button-default-type\" target=\"_self\" href=\"#\" data-toggle=\"modal\" data-target=\".fusion-modal.truck_wash_munich\"><span class=\"fusion-button-text\">Truck Wash Munich<\/span><\/a><\/div><div class=\"fusion-modal modal fade modal-1 truck_wash_munich has-light-close\" tabindex=\"-1\" role=\"dialog\" aria-labelledby=\"modal-heading-1\" aria-hidden=\"true\" style=\"--awb-border-color:#ebebeb;--awb-background:rgba(0,0,0,0.85);\"><div class=\"modal-dialog modal-lg\" role=\"document\"><div class=\"modal-content fusion-modal-content\"><div class=\"modal-header\"><button class=\"close\" type=\"button\" data-dismiss=\"modal\" aria-hidden=\"true\" aria-label=\"Close\">&times;<\/button><h3 class=\"modal-title\" id=\"modal-heading-1\" data-dismiss=\"modal\" aria-hidden=\"true\"><\/h3><\/div><div class=\"modal-body fusion-clearfix\">\n<h2 class=\"title style-scope ytd-video-primary-info-renderer\" style=\"text-align: center;\"><span style=\"color: #ffffff;\">Truck Wash Munich &#8211; LKW Waschanlage in Eching, Munich<\/span><\/h2>\n<p style=\"text-align: center;\"><div class=\"fusion-video fusion-youtube fusion-aligncenter\" style=\"--awb-max-width:600px;--awb-max-height:360px;--awb-width:100%;\"><div class=\"video-shortcode\"><div class=\"fluid-width-video-wrapper\" style=\"padding-top:60%;\" ><div class=\"BorlabsCookie _brlbs-cb-youtube\"><div class=\"_brlbs-content-blocker\"> <div class=\"_brlbs-embed _brlbs-video-youtube\"> <img class=\"_brlbs-thumbnail\" src=\"https:\/\/max2consulting.net\/wohnmobilcenter\/wp-content\/plugins\/borlabs-cookie\/assets\/images\/cb-no-thumbnail.png\" alt=\"YouTube\"> <div class=\"_brlbs-caption\"> <p>Mit dem Laden des Videos akzeptieren Sie die Datenschutzerkl\u00e4rung von YouTube.<br><a href=\"https:\/\/policies.google.com\/privacy\" target=\"_blank\" rel=\"nofollow noopener noreferrer\">Mehr erfahren<\/a><\/p> <p><a class=\"_brlbs-btn _brlbs-icon-play-white\" href=\"#\" data-borlabs-cookie-unblock role=\"button\">Video laden<\/a><\/p> <p><label><input type=\"checkbox\" name=\"unblockAll\" value=\"1\" checked> <small>YouTube immer entsperren<\/small><\/label><\/p> <\/div> <\/div> <\/div><div class=\"borlabs-hide\" data-borlabs-cookie-type=\"content-blocker\" data-borlabs-cookie-id=\"youtube\"><script type=\"text\/template\">PGlmcmFtZSB0aXRsZT0iWW91VHViZSB2aWRlbyBwbGF5ZXIgMSIgc3JjPSJodHRwczovL3d3dy55b3V0dWJlLW5vY29va2llLmNvbS9lbWJlZC9QVzRuN0U4V2wwYz93bW9kZT10cmFuc3BhcmVudCZhdXRvcGxheT0wIiB3aWR0aD0iNjAwIiBoZWlnaHQ9IjM2MCIgYWxsb3dmdWxsc2NyZWVuIGFsbG93PSJhdXRvcGxheTsgZnVsbHNjcmVlbiI+PC9pZnJhbWU+<\/script><\/div><\/div><\/div><\/div><\/div>\n<p class=\"et_pb_module_header\" style=\"text-align: center;\"><span style=\"color: #ffffff;\">EINE NAGELNEUE ZWEISPURIGE WASCHSTRASSE WARTET AUF SIE UM MIT GEWOHNTER QUALIT\u00c4T IHRE FAHRZEUGE ZU PFLEGEN! \u00dcBERZEUGEN SIE SICH SELBST, WIR FREUEN UNS AUF SIE<\/span><\/p>\n<\/div><\/div><\/div><\/div><div class=\"fusion-sep-clear\"><\/div><div class=\"fusion-separator fusion-full-width-sep\" style=\"margin-left: auto;margin-right: auto;margin-top:20px;margin-bottom:20px;width:100%;\"><\/div><div class=\"fusion-sep-clear\"><\/div><div class=\"fusion-clearfix\"><\/div><\/div><\/div><\/div><\/div><div class=\"fusion-fullwidth fullwidth-box fusion-builder-row-2 fusion-flex-container gradient-container-2 nonhundred-percent-fullwidth non-hundred-percent-height-scrolling\" style=\"--awb-border-radius-top-left:0px;--awb-border-radius-top-right:0px;--awb-border-radius-bottom-right:0px;--awb-border-radius-bottom-left:0px;\" ><div class=\"fusion-builder-row fusion-row fusion-flex-align-items-flex-start\" style=\"max-width:1144px;margin-left: calc(-4% \/ 2 );margin-right: calc(-4% \/ 2 );\"><div class=\"fusion-layout-column fusion_builder_column fusion-builder-column-6 fusion_builder_column_1_1 1_1 fusion-flex-column\" style=\"--awb-bg-size:cover;--awb-width-large:100%;--awb-margin-top-large:0px;--awb-spacing-right-large:1.92%;--awb-margin-bottom-large:20px;--awb-spacing-left-large:1.92%;--awb-width-medium:100%;--awb-order-medium:0;--awb-spacing-right-medium:1.92%;--awb-spacing-left-medium:1.92%;--awb-width-small:100%;--awb-order-small:0;--awb-spacing-right-small:1.92%;--awb-spacing-left-small:1.92%;\"><div class=\"fusion-column-wrapper fusion-column-has-shadow fusion-flex-justify-content-flex-start fusion-content-layout-column\"><div class=\"fusion-text fusion-text-7\"><h3>Optional zu mieten gibt es noch je nach Verf\u00fcgbarkeit:<\/h3>\n<ul>\n<li>Campingm\u00f6belset 60,00 \u20ac (einmalig)<\/li>\n<li>Weber-Gasgrill Q 120 29,00 \u20ac (einmalig)<\/li>\n<li>Sonnenliege 19,00 \u20ac (einmalig)<\/li>\n<li>Rollwagen 9,00 \u20ac (einmalig)<\/li>\n<li>Luftbett mit elektr. Luftpumpe 9,00 \u20ac (einmalig)<\/li>\n<li>Bettzeug und Bettw\u00e4sche (pro Person) 49,00 \u20ac (einmalig)<\/li>\n<li>1 Set Hand-\/Duscht\u00fccher (pro Person) 9,00 \u20ac (einmalig)<\/li>\n<li>Stromaggregat 2.800 Watt, Benzinbetrieben 9,90 \u20ac pro Tag<\/li>\n<\/ul>\n<h3>Fahrerlaubnis\/F\u00fchrerschein:<\/h3>\n<p class=\"p1\">All unsere angebotenen Wohnmobile k\u00f6nnen Sie mit der Fu\u0308hrerscheinklasse B oder Klasse 3 pilotieren<\/p>\n<h3>Versicherung:<\/h3>\n<p class=\"p1\"><span class=\"s1\">Unsere Wohnmobile sind Vollkasko und Teilkasko f\u00fcr Selbstfahrer mit <\/span><span class=\"s2\">1.500,00 \u20ac<\/span><span class=\"s1\"> Selbstbeteiligung versichert.\u00a0<\/span><span class=\"s1\">Die Selbstbeteiligung ist pro Schaden f\u00e4llig.<\/span><\/p>\n<h3>Zusatzkosten:<\/h3>\n<p>Weitere Kosten fallen nur an, wenn die Endreinigung (Innenraum, Toilette, Au\u00dfenreinigung) des Wohnmobils von uns \u00fcbernommen wird. Das ist der Fall, wenn dies extra so vereinbart oder wenn die Reinigung unterlassen bzw. unzureichend ausgef\u00fchrt wurde.<\/p>\n<p>In diesem Fall berechnen wir folgende Kosten:<\/p>\n<ul>\n<li>Innenreinigung 150,00 \u20ac<\/li>\n<li>Toilettenreinigung, Abwasser 100,00 \u20ac<\/li>\n<li>Au\u00dfenreinigung 99,00 \u20ac<\/li>\n<\/ul>\n<p>F\u00fcr die Au\u00dfenreinigung ist bereits in der Servicepauschale eine Waschmarke f\u00fcr die Waschanlage enthalten!<\/p>\n<h3>Faire Tankl\u00f6sung:<\/h3>\n<p>Die Fahrzeuge werden mit vollem Kraftstofftank \u00fcbergeben. Wir w\u00fcnschen die R\u00fcckgabe der Reisemobile ebenfalls mit vollem Tank. Andernfalls m\u00fcssen wir bei notwendiger Auff\u00fcllung des Kraftstofftanks die entsprechenden Kraftstoffkosten zuz\u00fcglich einer Tankpauschale von 25,00 \u20ac in Rechnung stellen.<\/p>\n<h3>Mietkaution:<\/h3>\n<p class=\"p1\"><span class=\"s1\">Die Mietkaution betr\u00e4gt f\u00fcr unsere Wohnmobile pauschal 1.500,00 \u20ac.<\/span><\/p>\n<p>Weitere Informationen entnehmen Sie bitte unseren <a href=\"https:\/\/wohnmobilcenter-muenchen.com\/allgemeine-geschaefts-und-mietbedingungen\/\">allgemeinen Gesch\u00e4fts- bzw. Mietbedingungen<\/a>.<\/p>\n<\/div><\/div><\/div><\/div><\/div><\/p>\n","protected":false},"excerpt":{"rendered":"","protected":false},"author":1,"featured_media":0,"parent":0,"menu_order":0,"comment_status":"closed","ping_status":"closed","template":"","meta":{"_acf_changed":false,"footnotes":""},"class_list":["post-477","page","type-page","status-publish","hentry"],"acf":[],"_links":{"self":[{"href":"https:\/\/max2consulting.net\/wohnmobilcenter\/wp-json\/wp\/v2\/pages\/477","targetHints":{"allow":["GET"]}}],"collection":[{"href":"https:\/\/max2consulting.net\/wohnmobilcenter\/wp-json\/wp\/v2\/pages"}],"about":[{"href":"https:\/\/max2consulting.net\/wohnmobilcenter\/wp-json\/wp\/v2\/types\/page"}],"author":[{"embeddable":true,"href":"https:\/\/max2consulting.net\/wohnmobilcenter\/wp-json\/wp\/v2\/users\/1"}],"replies":[{"embeddable":true,"href":"https:\/\/max2consulting.net\/wohnmobilcenter\/wp-json\/wp\/v2\/comments?post=477"}],"version-history":[{"count":1,"href":"https:\/\/max2consulting.net\/wohnmobilcenter\/wp-json\/wp\/v2\/pages\/477\/revisions"}],"predecessor-version":[{"id":4375,"href":"https:\/\/max2consulting.net\/wohnmobilcenter\/wp-json\/wp\/v2\/pages\/477\/revisions\/4375"}],"wp:attachment":[{"href":"https:\/\/max2consulting.net\/wohnmobilcenter\/wp-json\/wp\/v2\/media?parent=477"}],"curies":[{"name":"wp","href":"https:\/\/api.w.org\/{rel}","templated":true}]}}